{"id":7,"date":"2020-02-16T20:37:21","date_gmt":"2020-02-16T20:37:21","guid":{"rendered":"https:\/\/sv-thoerl-maglern.at\/staging\/?page_id=7"},"modified":"2026-04-04T10:56:28","modified_gmt":"2026-04-04T10:56:28","slug":"leichtathletik","status":"publish","type":"page","link":"https:\/\/sv-thoerl-maglern.at\/?page_id=7","title":{"rendered":"Leichtathletik"},"content":{"rendered":"\r\n<p>Leichtathletik ist die wohl erfolgreichste Sektion des Sportvereines. Es begann mit Wanderungen und gemeinsamen Laufaktivit\u00e4ten. Es folgten die Teilnahmen an diversen Volksl\u00e4ufen und in weiterer Folge auch die Teilnahme an Marathonbewerben.<\/p>\r\n\r\n\r\n\r\n<p><br \/>Mit der Zeit entwickelte sich ein regelm\u00e4\u00dfiger Trainingsbetrieb und es kam zur Teilnahme an Landes- und Bundesmeisterschaften, wo unsere talentierten Athlet*innen etliche Podestpl\u00e4tze und auch Meistertitel errangen.<\/p>\r\n\r\n\r\n\r\n<p><br \/>Aufgrund privater Ver\u00e4nderungen in der F\u00fchrungsriege der Sektion gab es einige Jahre weniger Aktivit\u00e4ten. Seit 2012 wird aber wieder ein regelm\u00e4\u00dfiges Training angeboten und auch wieder an Leichtathletikveranstaltungen teilgenommen.<\/p>\r\n\r\n\r\n<p><br \/>Bei den zahlreichen Volks &#8211; Kinder und Jugendl\u00e4ufen bzw. Mehrkampfveranstaltungen in den letzten Jahren wurden etliche Stockerlpl\u00e4tze erobert. (Download <a href=\"https:\/\/sv-thoerl-maglern.at\/?page_id=423\"> Meister\/Ehrentafel <\/a>, <a href=\"https:\/\/sv-thoerl-maglern.at\/wp-content\/uploads\/2026\/04\/Sektion_Leichtathletik_Jahresbericht_2025.pdf\" > Jahresbericht<\/a>) <\/p>\r\n\r\n\r\n<p><br \/>Seit dem Jahr 2022 (40-j\u00e4hriges Vereinsjubil\u00e4um) findet auch j\u00e4hrlich der Th\u00f6rl-Maglerner-Grenzlandlauf statt. ein Lauf und Walkerlebnis \u00fcber die K\u00e4rntner Grenze hinweg f\u00fcr Jung und Alt mit einem tollen Rahmenprogramm. <\/p>\r\n<hr>\r\nUnser Informationsblatt:<p><a href=\"https:\/\/sv-thoerl-maglern.at\/wp-content\/uploads\/2025\/03\/SVTM_Leichtathletik_Informationsblatt.pdf\" target=\"_blank\" rel=\"noopener\">Informationsblatt Leichtathletik<\/a><\/p>\r\nJahresberichte:\r\n<ul>\r\n<li><a href=\"https:\/\/sv-thoerl-maglern.at\/wp-content\/uploads\/2026\/04\/Sektion_Leichtathletik_Jahresbericht_2025.pdf\" target=\"_blank\" rel=\"noopener\">2025<\/a> <\/li>\r\n<li><a href=\"https:\/\/sv-thoerl-maglern.at\/wp-content\/uploads\/2025\/03\/Sektion_Leichtathletik_Jahresbericht_2024.pdf\" target=\"_blank\" rel=\"noopener\">2024<\/a> <\/li>\r\n<\/ul>\r\n<hr>\r\n\r\n\r\n\r\n\r\n<p><strong>Sektionsleiter:<\/strong><\/p>\r\n\r\n\r\n\r\n<p>Janach Sieghard<\/p>\r\n<p><img loading=\"lazy\" decoding=\"async\" class=\"alignnone size-medium wp-image-620\" src=\"https:\/\/sv-thoerl-maglern.at\/wp-content\/uploads\/2020\/07\/Portrait_Janach_Sigi-200x300.jpg\" alt=\"\" width=\"200\" height=\"300\" srcset=\"https:\/\/sv-thoerl-maglern.at\/wp-content\/uploads\/2020\/07\/Portrait_Janach_Sigi-200x300.jpg 200w, https:\/\/sv-thoerl-maglern.at\/wp-content\/uploads\/2020\/07\/Portrait_Janach_Sigi.jpg 600w\" sizes=\"auto, (max-width: 200px) 100vw, 200px\" \/><\/p>\r\n\r\n\r\n\r\n<p>&nbsp;<\/p>\r\n\r\n\r\n\r\n<p><strong>Sektionsleiter-Stellvertreterin: <\/strong><\/p>\r\n\r\n\r\n\r\n<p>Drolle Elisabeth<\/p>\r\n<p><img loading=\"lazy\" decoding=\"async\" class=\"alignnone size-medium wp-image-620\" src=\"https:\/\/sv-thoerl-maglern.at\/wp-content\/uploads\/2025\/03\/Elisabeth_Drolle_Bild-scaled-e1741544993610.jpg\" alt=\"\" width=\"200\" height=\"304\" \/><\/p>\r\n\r\n\r\n\r\n<p><strong>2. Sektionsleiter-Stellvertreterin: <\/strong><\/p>\r\n\r\n\r\n\r\n<p>Koch Anna<\/p>\r\n<p><img loading=\"lazy\" decoding=\"async\" class=\"alignnone size-medium wp-image-620\" src=\"https:\/\/sv-thoerl-maglern.at\/wp-content\/uploads\/2025\/04\/Koch_Anna_200x300.jpg\" alt=\"\" width=\"200\" height=\"300\" \/><\/p>\r\n\r\n<p>&nbsp;<\/p>\r\n\r\n\r\n\r\n<p><strong>Ehren-Sektionsleiter: <\/strong><\/p>\r\n\r\n\r\n\r\n<p>Schmucker Herbert<\/p>\r\n<p><img loading=\"lazy\" decoding=\"async\" class=\"alignnone size-medium wp-image-620\" src=\"https:\/\/sv-thoerl-maglern.at\/wp-content\/uploads\/2020\/07\/Portrait_Schmucker_Herbert.jpg\" alt=\"\" width=\"200\" height=\"304\" \/><\/p>\r\n\r\n\r\n\r\n<p>Drolle Wolfgang<\/p>\r\n\r\n<p>&nbsp;<\/p>\r\n\r\n\r\n<hr class=\"wp-block-separator\" \/>\r\n\r\n\r\n<p>Kontakt: <a href=\"mailto:leichtathletik@sv-thoerl-maglern.at\">leichtathletik@sv-thoerl-maglern.at<\/a><\/p>\r\n","protected":false},"excerpt":{"rendered":"<p>Leichtathletik ist die wohl erfolgreichste Sektion des Sportvereines. Es begann mit Wanderungen und gemeinsamen Laufaktivit\u00e4ten. Es folgten die Teilnahmen an diversen Volksl\u00e4ufen und in weiterer Folge auch die Teilnahme an Marathonbewerben. Mit der Zeit entwickelte sich ein regelm\u00e4\u00dfiger Trainingsbetrieb und<\/p>\n<a href=\"https:\/\/sv-thoerl-maglern.at\/?page_id=7\" class=\"btn frontech-btn\"><span><\/span>Read More<\/a>","protected":false},"author":1,"featured_media":0,"parent":0,"menu_order":0,"comment_status":"closed","ping_status":"closed","template":"","meta":{"footnotes":""},"class_list":["post-7","page","type-page","status-publish","hentry"],"_links":{"self":[{"href":"https:\/\/sv-thoerl-maglern.at\/index.php?rest_route=\/wp\/v2\/pages\/7","targetHints":{"allow":["GET"]}}],"collection":[{"href":"https:\/\/sv-thoerl-maglern.at\/index.php?rest_route=\/wp\/v2\/pages"}],"about":[{"href":"https:\/\/sv-thoerl-maglern.at\/index.php?rest_route=\/wp\/v2\/types\/page"}],"author":[{"embeddable":true,"href":"https:\/\/sv-thoerl-maglern.at\/index.php?rest_route=\/wp\/v2\/users\/1"}],"replies":[{"embeddable":true,"href":"https:\/\/sv-thoerl-maglern.at\/index.php?rest_route=%2Fwp%2Fv2%2Fcomments&post=7"}],"version-history":[{"count":37,"href":"https:\/\/sv-thoerl-maglern.at\/index.php?rest_route=\/wp\/v2\/pages\/7\/revisions"}],"predecessor-version":[{"id":4145,"href":"https:\/\/sv-thoerl-maglern.at\/index.php?rest_route=\/wp\/v2\/pages\/7\/revisions\/4145"}],"wp:attachment":[{"href":"https:\/\/sv-thoerl-maglern.at\/index.php?rest_route=%2Fwp%2Fv2%2Fmedia&parent=7"}],"curies":[{"name":"wp","href":"https:\/\/api.w.org\/{rel}","templated":true}]}}