{"id":423,"date":"2020-05-24T09:17:44","date_gmt":"2020-05-24T09:17:44","guid":{"rendered":"https:\/\/sv-thoerl-maglern.at\/staging\/?page_id=423"},"modified":"2022-03-06T10:25:40","modified_gmt":"2022-03-06T10:25:40","slug":"erfolge-2","status":"publish","type":"page","link":"https:\/\/sv-thoerl-maglern.at\/?page_id=423","title":{"rendered":"Erfolge"},"content":{"rendered":"<p>In der Zeit seit Bestehen des Sportvereines gab es bereits einige sehr erfolgreiche Vereinssportler:\u00a0 \u00d6sterreichische Meister \/ K\u00e4rntner Meister.<\/p>\n<p>Hier kann eine Aufstellung der Erfolge heruntergeladen werden.<\/p>\n<p><strong>Download:<\/strong> <a href=\"https:\/\/sv-thoerl-maglern.at\/wp-content\/uploads\/2022\/03\/oe_u_k_meister_202203.pdf\">\u00d6sterreichische und K\u00e4rntner Meister<\/a><\/p>\n<p><strong>Download<\/strong>: <a href=\"https:\/\/sv-thoerl-maglern.at\/wp-content\/uploads\/2022\/03\/Ehrentafel_202203.pdf\">Ehrentafel<\/a><\/p>\n<p>&nbsp;<\/p>\n","protected":false},"excerpt":{"rendered":"<p>In der Zeit seit Bestehen des Sportvereines gab es bereits einige sehr erfolgreiche Vereinssportler:\u00a0 \u00d6sterreichische Meister \/ K\u00e4rntner Meister. Hier kann eine Aufstellung der Erfolge heruntergeladen werden. Download: \u00d6sterreichische und K\u00e4rntner Meister Download: Ehrentafel &nbsp;<\/p>\n<a href=\"https:\/\/sv-thoerl-maglern.at\/?page_id=423\" class=\"btn frontech-btn\"><span><\/span>Read More<\/a>","protected":false},"author":1,"featured_media":0,"parent":0,"menu_order":0,"comment_status":"closed","ping_status":"closed","template":"","meta":{"footnotes":""},"class_list":["post-423","page","type-page","status-publish","hentry"],"_links":{"self":[{"href":"https:\/\/sv-thoerl-maglern.at\/index.php?rest_route=\/wp\/v2\/pages\/423","targetHints":{"allow":["GET"]}}],"collection":[{"href":"https:\/\/sv-thoerl-maglern.at\/index.php?rest_route=\/wp\/v2\/pages"}],"about":[{"href":"https:\/\/sv-thoerl-maglern.at\/index.php?rest_route=\/wp\/v2\/types\/page"}],"author":[{"embeddable":true,"href":"https:\/\/sv-thoerl-maglern.at\/index.php?rest_route=\/wp\/v2\/users\/1"}],"replies":[{"embeddable":true,"href":"https:\/\/sv-thoerl-maglern.at\/index.php?rest_route=%2Fwp%2Fv2%2Fcomments&post=423"}],"version-history":[{"count":22,"href":"https:\/\/sv-thoerl-maglern.at\/index.php?rest_route=\/wp\/v2\/pages\/423\/revisions"}],"predecessor-version":[{"id":1179,"href":"https:\/\/sv-thoerl-maglern.at\/index.php?rest_route=\/wp\/v2\/pages\/423\/revisions\/1179"}],"wp:attachment":[{"href":"https:\/\/sv-thoerl-maglern.at\/index.php?rest_route=%2Fwp%2Fv2%2Fmedia&parent=423"}],"curies":[{"name":"wp","href":"https:\/\/api.w.org\/{rel}","templated":true}]}}