{"id":35,"date":"2020-02-16T21:18:06","date_gmt":"2020-02-16T21:18:06","guid":{"rendered":"https:\/\/sv-thoerl-maglern.at\/staging\/?page_id=35"},"modified":"2020-02-16T21:35:36","modified_gmt":"2020-02-16T21:35:36","slug":"anfahrt","status":"publish","type":"page","link":"https:\/\/sv-thoerl-maglern.at\/?page_id=35","title":{"rendered":"Anfahrt"},"content":{"rendered":"\n<p>Der Lauf findet bei der Sportvereinsanlage in Th\u00f6rl-Maglern statt. <\/p>\n\n\n\n<p>Bitte den Parkplatz bei der Kirche ben\u00fctzen und die letzten Meter zum Veranstaltungsgel\u00e4nde zu Fu\u00df zu absolvieren. <\/p>\n\n\n<div id=\"wpgmza_map\" class=\"wpgmza_map\" data-settings='{\"id\":\"1\",\"map_title\":\"SVTM-Home-Map\",\"map_width\":\"60\",\"map_height\":\"400\",\"map_start_lat\":\"46.537147\",\"map_start_lng\":\"13.651731\",\"map_start_location\":\"46.537147,13.651731\",\"map_start_zoom\":\"14\",\"default_marker\":\"0\",\"type\":\"1\",\"alignment\":\"4\",\"directions_enabled\":\"1\",\"styling_enabled\":\"0\",\"styling_json\":\"\",\"active\":\"0\",\"kml\":\"\",\"bicycle\":\"0\",\"traffic\":\"0\",\"dbox\":\"1\",\"dbox_width\":\"100\",\"listmarkers\":\"0\",\"listmarkers_advanced\":\"0\",\"filterbycat\":\"0\",\"ugm_enabled\":\"0\",\"ugm_category_enabled\":\"0\",\"fusion\":\"\",\"map_width_type\":\"\\\\%\",\"map_height_type\":\"px\",\"mass_marker_support\":\"1\",\"ugm_access\":\"0\",\"order_markers_by\":\"1\",\"order_markers_choice\":\"2\",\"show_user_location\":\"0\",\"default_to\":\"\",\"other_settings\":{\"store_locator_enabled\":2,\"store_locator_distance\":2,\"store_locator_default_radius\":10,\"store_locator_not_found_message\":\"No results found in this location. Please try again.\",\"store_locator_bounce\":1,\"store_locator_query_string\":\"ZIP \\\/ Address:\",\"store_locator_default_address\":\"\",\"wpgmza_store_locator_restrict\":\"\",\"store_locator_style\":\"modern\",\"wpgmza_store_locator_radius_style\":\"modern\",\"map_max_zoom\":\"1\",\"transport_layer\":0,\"wpgmza_theme_data\":\"[\\\"visibility\\\", \\\"invert_lightness\\\", \\\"color\\\", \\\"weight\\\", \\\"hue\\\", \\\"saturation\\\", \\\"lightness\\\", \\\"gamma\\\"]\",\"wpgmza_show_points_of_interest\":0,\"wpgmza_auto_night\":0}}' data-map-id='1' Data-maps-engine='google-maps' data-shortcode-attributes='{\"id\":\"1\"}' style=\"display:block; overflow:auto; width:60%; height:400px; float:left;\"><\/div>","protected":false},"excerpt":{"rendered":"<p>Der Lauf findet bei der Sportvereinsanlage in Th\u00f6rl-Maglern statt. Bitte den Parkplatz bei der Kirche ben\u00fctzen und die letzten Meter zum Veranstaltungsgel\u00e4nde zu Fu\u00df zu absolvieren.<\/p>\n<a href=\"https:\/\/sv-thoerl-maglern.at\/?page_id=35\" class=\"btn frontech-btn\"><span><\/span>Read More<\/a>","protected":false},"author":1,"featured_media":0,"parent":0,"menu_order":0,"comment_status":"closed","ping_status":"closed","template":"","meta":{"footnotes":""},"class_list":["post-35","page","type-page","status-publish","hentry"],"_links":{"self":[{"href":"https:\/\/sv-thoerl-maglern.at\/index.php?rest_route=\/wp\/v2\/pages\/35","targetHints":{"allow":["GET"]}}],"collection":[{"href":"https:\/\/sv-thoerl-maglern.at\/index.php?rest_route=\/wp\/v2\/pages"}],"about":[{"href":"https:\/\/sv-thoerl-maglern.at\/index.php?rest_route=\/wp\/v2\/types\/page"}],"author":[{"embeddable":true,"href":"https:\/\/sv-thoerl-maglern.at\/index.php?rest_route=\/wp\/v2\/users\/1"}],"replies":[{"embeddable":true,"href":"https:\/\/sv-thoerl-maglern.at\/index.php?rest_route=%2Fwp%2Fv2%2Fcomments&post=35"}],"version-history":[{"count":3,"href":"https:\/\/sv-thoerl-maglern.at\/index.php?rest_route=\/wp\/v2\/pages\/35\/revisions"}],"predecessor-version":[{"id":53,"href":"https:\/\/sv-thoerl-maglern.at\/index.php?rest_route=\/wp\/v2\/pages\/35\/revisions\/53"}],"wp:attachment":[{"href":"https:\/\/sv-thoerl-maglern.at\/index.php?rest_route=%2Fwp%2Fv2%2Fmedia&parent=35"}],"curies":[{"name":"wp","href":"https:\/\/api.w.org\/{rel}","templated":true}]}}