{"id":3296,"date":"2025-04-15T08:26:28","date_gmt":"2025-04-15T08:26:28","guid":{"rendered":"https:\/\/sv-thoerl-maglern.at\/?page_id=3296"},"modified":"2025-12-20T09:04:29","modified_gmt":"2025-12-20T09:04:29","slug":"grenzlandlauf-historie","status":"publish","type":"page","link":"https:\/\/sv-thoerl-maglern.at\/?page_id=3296","title":{"rendered":"Grenzlandlauf &#8211; Historie"},"content":{"rendered":"<p>Die Sektion Leichtathletik f\u00fchrt seit 2022 jeweils im Fr\u00fchjahr den Th\u00f6rl-Maglerner Grenzlandlauf beim Sportplatz Ladina durch. <\/p>\n<p>Hier ein R\u00fcckblick auf unsere Vergangenen L\u00e4ufe:<\/p>\n<p><a href=\"https:\/\/sv-thoerl-maglern.at\/?page_id=34\">1. TH\u00d6RL-MAGLERNER GRENZLANDLAUF 21. MAI 2022<\/a><br \/>\n<a href=\"https:\/\/sv-thoerl-maglern.at\/?page_id=1726\">2. TH\u00d6RL-MAGLERNER GRENZLANDLAUF 03. JUNI 2023<\/a><br \/>\n<a href=\"https:\/\/sv-thoerl-maglern.at\/?page_id=2577\">3. TH\u00d6RL-MAGLERNER GRENZLANDLAUF 25. MAI 2024<\/a><br \/>\n<a href=\"https:\/\/sv-thoerl-maglern.at\/?page_id=4052\">4. TH\u00d6RL-MAGLERNER GRENZLANDLAUF 17. MAI 2025<\/a><\/p>\n","protected":false},"excerpt":{"rendered":"<p>Die Sektion Leichtathletik f\u00fchrt seit 2022 jeweils im Fr\u00fchjahr den Th\u00f6rl-Maglerner Grenzlandlauf beim Sportplatz Ladina durch. Hier ein R\u00fcckblick auf unsere Vergangenen L\u00e4ufe: 1. TH\u00d6RL-MAGLERNER GRENZLANDLAUF 21. MAI 2022 2. TH\u00d6RL-MAGLERNER GRENZLANDLAUF 03. JUNI 2023 3. TH\u00d6RL-MAGLERNER GRENZLANDLAUF 25. MAI<\/p>\n<a href=\"https:\/\/sv-thoerl-maglern.at\/?page_id=3296\" class=\"btn frontech-btn\"><span><\/span>Read More<\/a>","protected":false},"author":1,"featured_media":0,"parent":0,"menu_order":0,"comment_status":"closed","ping_status":"closed","template":"","meta":{"footnotes":""},"class_list":["post-3296","page","type-page","status-publish","hentry"],"_links":{"self":[{"href":"https:\/\/sv-thoerl-maglern.at\/index.php?rest_route=\/wp\/v2\/pages\/3296","targetHints":{"allow":["GET"]}}],"collection":[{"href":"https:\/\/sv-thoerl-maglern.at\/index.php?rest_route=\/wp\/v2\/pages"}],"about":[{"href":"https:\/\/sv-thoerl-maglern.at\/index.php?rest_route=\/wp\/v2\/types\/page"}],"author":[{"embeddable":true,"href":"https:\/\/sv-thoerl-maglern.at\/index.php?rest_route=\/wp\/v2\/users\/1"}],"replies":[{"embeddable":true,"href":"https:\/\/sv-thoerl-maglern.at\/index.php?rest_route=%2Fwp%2Fv2%2Fcomments&post=3296"}],"version-history":[{"count":5,"href":"https:\/\/sv-thoerl-maglern.at\/index.php?rest_route=\/wp\/v2\/pages\/3296\/revisions"}],"predecessor-version":[{"id":4104,"href":"https:\/\/sv-thoerl-maglern.at\/index.php?rest_route=\/wp\/v2\/pages\/3296\/revisions\/4104"}],"wp:attachment":[{"href":"https:\/\/sv-thoerl-maglern.at\/index.php?rest_route=%2Fwp%2Fv2%2Fmedia&parent=3296"}],"curies":[{"name":"wp","href":"https:\/\/api.w.org\/{rel}","templated":true}]}}