{"id":248,"date":"2020-03-07T10:01:14","date_gmt":"2020-03-07T10:01:14","guid":{"rendered":"https:\/\/sv-thoerl-maglern.at\/staging\/?page_id=248"},"modified":"2025-04-16T08:26:44","modified_gmt":"2025-04-16T08:26:44","slug":"geschichte","status":"publish","type":"page","link":"https:\/\/sv-thoerl-maglern.at\/?page_id=248","title":{"rendered":"Historie"},"content":{"rendered":"<p><strong>7. August 1982<\/strong><\/p>\n<p>Gr\u00fcndungsversammlung im Gasthof Stra\u00dfhof<\/p>\n<p>Gr\u00fcndungskommitee:\u00a0 Jakob Koren (Gr\u00fcndungsobmann), Hubert Zankl jun., Lotte Drolle, Norbert Grubelnik, Franz Klemenz, Alois Michelitsch, Kurt Oberortner, Werner Omann, Heidi Pock, Winfried Rabitsch, Herbert Schmucker, Valentin Schnabl jun., Peter Schwei, Josef Standner, Friedrich Trink Josef Tschikof, Peter Wedam Franz Zankl<\/p>\n<p>Angebotene Sportarten: Leichtathletik, \u00a0Fu\u00dfball, Turnen, Skilanglauf, Tischtennis<\/p>\n","protected":false},"excerpt":{"rendered":"<p>7. August 1982 Gr\u00fcndungsversammlung im Gasthof Stra\u00dfhof Gr\u00fcndungskommitee:\u00a0 Jakob Koren (Gr\u00fcndungsobmann), Hubert Zankl jun., Lotte Drolle, Norbert Grubelnik, Franz Klemenz, Alois Michelitsch, Kurt Oberortner, Werner Omann, Heidi Pock, Winfried Rabitsch, Herbert Schmucker, Valentin Schnabl jun., Peter Schwei, Josef Standner, Friedrich<\/p>\n<a href=\"https:\/\/sv-thoerl-maglern.at\/?page_id=248\" class=\"btn frontech-btn\"><span><\/span>Read More<\/a>","protected":false},"author":1,"featured_media":0,"parent":0,"menu_order":0,"comment_status":"closed","ping_status":"closed","template":"","meta":{"footnotes":""},"class_list":["post-248","page","type-page","status-publish","hentry"],"_links":{"self":[{"href":"https:\/\/sv-thoerl-maglern.at\/index.php?rest_route=\/wp\/v2\/pages\/248","targetHints":{"allow":["GET"]}}],"collection":[{"href":"https:\/\/sv-thoerl-maglern.at\/index.php?rest_route=\/wp\/v2\/pages"}],"about":[{"href":"https:\/\/sv-thoerl-maglern.at\/index.php?rest_route=\/wp\/v2\/types\/page"}],"author":[{"embeddable":true,"href":"https:\/\/sv-thoerl-maglern.at\/index.php?rest_route=\/wp\/v2\/users\/1"}],"replies":[{"embeddable":true,"href":"https:\/\/sv-thoerl-maglern.at\/index.php?rest_route=%2Fwp%2Fv2%2Fcomments&post=248"}],"version-history":[{"count":9,"href":"https:\/\/sv-thoerl-maglern.at\/index.php?rest_route=\/wp\/v2\/pages\/248\/revisions"}],"predecessor-version":[{"id":3358,"href":"https:\/\/sv-thoerl-maglern.at\/index.php?rest_route=\/wp\/v2\/pages\/248\/revisions\/3358"}],"wp:attachment":[{"href":"https:\/\/sv-thoerl-maglern.at\/index.php?rest_route=%2Fwp%2Fv2%2Fmedia&parent=248"}],"curies":[{"name":"wp","href":"https:\/\/api.w.org\/{rel}","templated":true}]}}